{"id":647,"date":"2018-11-12T12:47:13","date_gmt":"2018-11-12T11:47:13","guid":{"rendered":"https:\/\/synthesis-x.org\/?page_id=647"},"modified":"2025-10-20T18:18:30","modified_gmt":"2025-10-20T16:18:30","slug":"home","status":"publish","type":"page","link":"https:\/\/synthesis-x.org\/home\/","title":{"rendered":"Home"},"content":{"rendered":"<div id=\"pl-647\"  class=\"panel-layout\" ><div id=\"pg-647-0\"  class=\"panel-grid panel-has-style\" ><div style=\"padding: 70px 0; \" data-overlay=\"true\" data-overlay-color=\"#000000\" class=\"panel-row-style panel-row-style-for-647-0\" ><div id=\"pgc-647-0-0\"  class=\"panel-grid-cell\" ><div id=\"panel-647-0-0-0\" class=\"so-panel widget widget_sow-editor panel-first-child panel-last-child\" data-index=\"0\" ><div style=\"text-align: left;\" data-title-color=\"#443f3f\" data-headings-color=\"#443f3f\" class=\"panel-widget-style panel-widget-style-for-647-0-0-0\" ><div\n\t\t\t\n\t\t\tclass=\"so-widget-sow-editor so-widget-sow-editor-base\"\n\t\t\t\n\t\t>\n<div class=\"siteorigin-widget-tinymce textwidget\">\n\t<div>\n<blockquote>\n<p><em><strong>H\u00fctet euch, dem Betr\u00fcger Glauben zu schenken; ihr seid verloren, wenn ihr vergesst, dass die Fr\u00fcchte allen, die Erde aber niemandem geh\u00f6rt.<\/strong> <\/em><\/p>\n<p><a title=\"Biografie \u00fcber Jean-Jacques Rousseau\" href=\"http:\/\/de.wikipedia.org\/wiki\/Jean-Jacques_Rousseau\" target=\"_blank\" rel=\"noopener\">Jean-Jacques <span class=\"highlight\">Rousseau<\/span> (1712-1778)<\/a>, 1755, \"Abhandlung \u00fcber den Ursprung und die Grundlagen der Ungleichheit unter den Menschen\"<\/p>\n<\/blockquote>\n<\/div>\n<dl class=\"article-info muted\">\n<dt class=\"article-info-term\"><\/dt>\n<\/dl>\n<\/div>\n<\/div><\/div><\/div><\/div><\/div><\/div><div id=\"pg-647-1\"  class=\"panel-grid panel-has-style\" ><div class=\"siteorigin-panels-stretch panel-row-style panel-row-style-for-647-1\" style=\"background-image: url(https:\/\/synthesis-x.org\/wp-content\/uploads\/2018\/03\/bll-header-bg-network2.jpg);padding: 70px 0; \" data-stretch-type=\"full\" data-hasbg=\"hasbg\" data-overlay-color=\"#000000\" ><div id=\"pgc-647-1-0\"  class=\"panel-grid-cell panel-grid-cell-empty\" ><\/div><\/div><\/div><div id=\"pg-647-2\"  class=\"panel-grid panel-has-style\" ><div style=\"text-align: center;padding: 30px 0; \" data-overlay=\"true\" data-overlay-color=\"#000000\" class=\"panel-row-style panel-row-style-for-647-2\" ><div id=\"pgc-647-2-0\"  class=\"panel-grid-cell\" ><div id=\"panel-647-2-0-0\" class=\"so-panel widget widget_sydney_portfolio sydney_portfolio_widget panel-first-child panel-last-child\" data-index=\"1\" ><div style=\"text-align: center;\" data-title-color=\"#4a005b\" data-headings-color=\"#4a005b\" class=\"panel-widget-style panel-widget-style-for-647-2-0-0\" ><h3 class=\"widget-title\">Informationsverlauf<\/h3><div class=\"project-wrap\"><ul class=\"project-filter\" id=\"filters\"><li><a href=\"#\" data-filter=\"*\">Alle Themengebiete<\/a><\/li><li><a href='#' data-filter='.1-die-bedeutung'>1. Die Bedeutung<\/a><\/li>\n<li><a href='#' data-filter='.2-das-werkzeug-der-macht'>2. Das Werkzeug der Macht<\/a><\/li>\n<li><a href='#' data-filter='.3-die-dezentrale-waehrung'>3. Die Dezentrale W\u00e4hrung<\/a><\/li>\n<li><a href='#' data-filter='.4-der-traum'>4. Der Traum<\/a><\/li>\n<li><a href='#' data-filter='.5-los-legen'>5. Los Legen!<\/a><\/li>\n<\/ul><div class=\"roll-project fullwidth\"><div class=\"isotope-container\" data-portfolio-effect=\"fadeInUp\"><div class=\"project-item item isotope-item 1-die-bedeutung \"><a class=\"project-pop-wrap\" href=\"https:\/\/synthesis-x.org\/die-bewegung\/\"><div class=\"project-pop\"><\/div><div class=\"project-title-wrap\"><div class=\"project-title\"><span>1. Die Bedeutung<\/span><\/div><\/div><\/a><a href=\"https:\/\/synthesis-x.org\/die-bewegung\/\"><img loading=\"lazy\" decoding=\"async\" width=\"480\" height=\"320\" src=\"https:\/\/synthesis-x.org\/wp-content\/uploads\/2018\/03\/image-2018-03-21-5-480x320.jpg\" class=\"attachment-sydney-mas-thumb size-sydney-mas-thumb wp-post-image\" alt=\"\" srcset=\"https:\/\/synthesis-x.org\/wp-content\/uploads\/2018\/03\/image-2018-03-21-5-480x320.jpg 480w, https:\/\/synthesis-x.org\/wp-content\/uploads\/2018\/03\/image-2018-03-21-5-300x200.jpg 300w, https:\/\/synthesis-x.org\/wp-content\/uploads\/2018\/03\/image-2018-03-21-5-230x153.jpg 230w, https:\/\/synthesis-x.org\/wp-content\/uploads\/2018\/03\/image-2018-03-21-5-350x234.jpg 350w, https:\/\/synthesis-x.org\/wp-content\/uploads\/2018\/03\/image-2018-03-21-5-e1528307369195.jpg 700w\" sizes=\"auto, (max-width: 480px) 100vw, 480px\" \/><\/a><\/div><div class=\"project-item item isotope-item 2-das-werkzeug-der-macht \"><a class=\"project-pop-wrap\" href=\"https:\/\/synthesis-x.org\/geld-als-werkzeug-der-macht\/\"><div class=\"project-pop\"><\/div><div class=\"project-title-wrap\"><div class=\"project-title\"><span>2. Das Werkzeug der Macht<\/span><\/div><\/div><\/a><a href=\"https:\/\/synthesis-x.org\/geld-als-werkzeug-der-macht\/\"><img loading=\"lazy\" decoding=\"async\" width=\"480\" height=\"320\" src=\"https:\/\/synthesis-x.org\/wp-content\/uploads\/2018\/03\/image-2018-03-21-480x320.jpg\" class=\"attachment-sydney-mas-thumb size-sydney-mas-thumb wp-post-image\" alt=\"\" srcset=\"https:\/\/synthesis-x.org\/wp-content\/uploads\/2018\/03\/image-2018-03-21-480x320.jpg 480w, https:\/\/synthesis-x.org\/wp-content\/uploads\/2018\/03\/image-2018-03-21-300x200.jpg 300w, https:\/\/synthesis-x.org\/wp-content\/uploads\/2018\/03\/image-2018-03-21-230x153.jpg 230w, https:\/\/synthesis-x.org\/wp-content\/uploads\/2018\/03\/image-2018-03-21-350x234.jpg 350w, https:\/\/synthesis-x.org\/wp-content\/uploads\/2018\/03\/image-2018-03-21.jpg 700w\" sizes=\"auto, (max-width: 480px) 100vw, 480px\" \/><\/a><\/div><div class=\"project-item item isotope-item 3-die-dezentrale-waehrung \"><a class=\"project-pop-wrap\" href=\"https:\/\/synthesis-x.org\/der-bitcoin\/\"><div class=\"project-pop\"><\/div><div class=\"project-title-wrap\"><div class=\"project-title\"><span>3. Die Dezentrale W\u00e4hrung<\/span><\/div><\/div><\/a><a href=\"https:\/\/synthesis-x.org\/der-bitcoin\/\"><img loading=\"lazy\" decoding=\"async\" width=\"480\" height=\"320\" src=\"https:\/\/synthesis-x.org\/wp-content\/uploads\/2018\/03\/BTC-480x320.jpg\" class=\"attachment-sydney-mas-thumb size-sydney-mas-thumb wp-post-image\" alt=\"\" srcset=\"https:\/\/synthesis-x.org\/wp-content\/uploads\/2018\/03\/BTC-480x320.jpg 480w, https:\/\/synthesis-x.org\/wp-content\/uploads\/2018\/03\/BTC-300x200.jpg 300w, https:\/\/synthesis-x.org\/wp-content\/uploads\/2018\/03\/BTC-768x513.jpg 768w, https:\/\/synthesis-x.org\/wp-content\/uploads\/2018\/03\/BTC-1024x683.jpg 1024w, https:\/\/synthesis-x.org\/wp-content\/uploads\/2018\/03\/BTC-830x554.jpg 830w, https:\/\/synthesis-x.org\/wp-content\/uploads\/2018\/03\/BTC-230x153.jpg 230w, https:\/\/synthesis-x.org\/wp-content\/uploads\/2018\/03\/BTC-350x234.jpg 350w, https:\/\/synthesis-x.org\/wp-content\/uploads\/2018\/03\/BTC-e1521623217463.jpg 700w\" sizes=\"auto, (max-width: 480px) 100vw, 480px\" \/><\/a><\/div><div class=\"project-item item isotope-item 4-der-traum \"><a class=\"project-pop-wrap\" href=\"https:\/\/synthesis-x.org\/der-traum\/\"><div class=\"project-pop\"><\/div><div class=\"project-title-wrap\"><div class=\"project-title\"><span>4. Der Traum<\/span><\/div><\/div><\/a><a href=\"https:\/\/synthesis-x.org\/der-traum\/\"><img loading=\"lazy\" decoding=\"async\" width=\"480\" height=\"320\" src=\"https:\/\/synthesis-x.org\/wp-content\/uploads\/2018\/03\/image-2018-03-21-2-480x320.jpg\" class=\"attachment-sydney-mas-thumb size-sydney-mas-thumb wp-post-image\" alt=\"\" srcset=\"https:\/\/synthesis-x.org\/wp-content\/uploads\/2018\/03\/image-2018-03-21-2-480x320.jpg 480w, https:\/\/synthesis-x.org\/wp-content\/uploads\/2018\/03\/image-2018-03-21-2-300x200.jpg 300w, https:\/\/synthesis-x.org\/wp-content\/uploads\/2018\/03\/image-2018-03-21-2-230x153.jpg 230w, https:\/\/synthesis-x.org\/wp-content\/uploads\/2018\/03\/image-2018-03-21-2-350x234.jpg 350w, https:\/\/synthesis-x.org\/wp-content\/uploads\/2018\/03\/image-2018-03-21-2.jpg 700w\" sizes=\"auto, (max-width: 480px) 100vw, 480px\" \/><\/a><\/div><div class=\"project-item item isotope-item 5-los-legen \"><a class=\"project-pop-wrap\" href=\"https:\/\/synthesis-x.org\/los-legen\/\"><div class=\"project-pop\"><\/div><div class=\"project-title-wrap\"><div class=\"project-title\"><span>5. Los Legen!<\/span><\/div><\/div><\/a><a href=\"https:\/\/synthesis-x.org\/los-legen\/\"><img loading=\"lazy\" decoding=\"async\" width=\"480\" height=\"320\" src=\"https:\/\/synthesis-x.org\/wp-content\/uploads\/2019\/01\/image-2019-01-25-480x320.jpg\" class=\"attachment-sydney-mas-thumb size-sydney-mas-thumb wp-post-image\" alt=\"\" srcset=\"https:\/\/synthesis-x.org\/wp-content\/uploads\/2019\/01\/image-2019-01-25-480x320.jpg 480w, https:\/\/synthesis-x.org\/wp-content\/uploads\/2019\/01\/image-2019-01-25-300x200.jpg 300w, https:\/\/synthesis-x.org\/wp-content\/uploads\/2019\/01\/image-2019-01-25-230x153.jpg 230w, https:\/\/synthesis-x.org\/wp-content\/uploads\/2019\/01\/image-2019-01-25-350x234.jpg 350w, https:\/\/synthesis-x.org\/wp-content\/uploads\/2019\/01\/image-2019-01-25-272x182.jpg 272w, https:\/\/synthesis-x.org\/wp-content\/uploads\/2019\/01\/image-2019-01-25.jpg 700w\" sizes=\"auto, (max-width: 480px) 100vw, 480px\" \/><\/a><\/div><\/div><\/div><\/div><!-- \/.project-wrap --><\/div><\/div><\/div><\/div><\/div><div id=\"pg-647-3\"  class=\"panel-grid panel-has-style\" ><div style=\"padding: 100px 0; \" data-overlay=\"true\" data-overlay-color=\"#000000\" class=\"panel-row-style panel-row-style-for-647-3\" ><div id=\"pgc-647-3-0\"  class=\"panel-grid-cell panel-grid-cell-empty\" ><\/div><\/div><\/div><\/div>","protected":false},"excerpt":{"rendered":"<p>H\u00fctet euch, dem Betr\u00fcger Glauben zu schenken; ihr seid verloren, wenn ihr vergesst, dass die Fr\u00fcchte allen, die Erde aber niemandem geh\u00f6rt. [&hellip;]<\/p>\n","protected":false},"author":1,"featured_media":0,"parent":0,"menu_order":0,"comment_status":"closed","ping_status":"closed","template":"page-templates\/page_front-page.php","meta":{"footnotes":""},"class_list":["post-647","page","type-page","status-publish","hentry"],"yoast_head":"<!-- This site is optimized with the Yoast SEO plugin v26.1.1 - https:\/\/yoast.com\/wordpress\/plugins\/seo\/ -->\n<title>Synthesis-X - Supported by Love over Gold e.V.<\/title>\n<meta name=\"description\" content=\"Synthesis X - Als Synthese bezeichnet man den Umsatz (die Vereinigung) von zwei oder mehr Elementen zu einer neuen Einheit.\" \/>\n<meta name=\"robots\" content=\"index, follow, max-snippet:-1, max-image-preview:large, max-video-preview:-1\" \/>\n<link rel=\"canonical\" href=\"https:\/\/synthesis-x.org\/home\/\" \/>\n<meta property=\"og:locale\" content=\"de_DE\" \/>\n<meta property=\"og:type\" content=\"article\" \/>\n<meta property=\"og:title\" content=\"Synthesis-X - Supported by Love over Gold e.V.\" \/>\n<meta property=\"og:description\" content=\"Synthesis X - Als Synthese bezeichnet man den Umsatz (die Vereinigung) von zwei oder mehr Elementen zu einer neuen Einheit.\" \/>\n<meta property=\"og:url\" content=\"https:\/\/synthesis-x.org\/home\/\" \/>\n<meta property=\"og:site_name\" content=\"Synthesis-X\" \/>\n<meta property=\"article:modified_time\" content=\"2025-10-20T16:18:30+00:00\" \/>\n<meta name=\"twitter:card\" content=\"summary_large_image\" \/>\n<meta name=\"twitter:label1\" content=\"Gesch\u00e4tzte Lesezeit\" \/>\n\t<meta name=\"twitter:data1\" content=\"2\u00a0Minuten\" \/>\n<script type=\"application\/ld+json\" class=\"yoast-schema-graph\">{\"@context\":\"https:\/\/schema.org\",\"@graph\":[{\"@type\":\"WebPage\",\"@id\":\"https:\/\/synthesis-x.org\/home\/\",\"url\":\"https:\/\/synthesis-x.org\/home\/\",\"name\":\"Synthesis-X - Supported by Love over Gold e.V.\",\"isPartOf\":{\"@id\":\"https:\/\/synthesis-x.org\/home\/#website\"},\"datePublished\":\"2018-11-12T11:47:13+00:00\",\"dateModified\":\"2025-10-20T16:18:30+00:00\",\"description\":\"Synthesis X - Als Synthese bezeichnet man den Umsatz (die Vereinigung) von zwei oder mehr Elementen zu einer neuen Einheit.\",\"breadcrumb\":{\"@id\":\"https:\/\/synthesis-x.org\/home\/#breadcrumb\"},\"inLanguage\":\"de\",\"potentialAction\":[{\"@type\":\"ReadAction\",\"target\":[\"https:\/\/synthesis-x.org\/home\/\"]}]},{\"@type\":\"BreadcrumbList\",\"@id\":\"https:\/\/synthesis-x.org\/home\/#breadcrumb\",\"itemListElement\":[{\"@type\":\"ListItem\",\"position\":1,\"name\":\"Startseite\",\"item\":\"https:\/\/synthesis-x.org\/home\/\"},{\"@type\":\"ListItem\",\"position\":2,\"name\":\"Home\"}]},{\"@type\":\"WebSite\",\"@id\":\"https:\/\/synthesis-x.org\/home\/#website\",\"url\":\"https:\/\/synthesis-x.org\/home\/\",\"name\":\"Synthesis-X\",\"description\":\"Love over Gold\",\"potentialAction\":[{\"@type\":\"SearchAction\",\"target\":{\"@type\":\"EntryPoint\",\"urlTemplate\":\"https:\/\/synthesis-x.org\/home\/?s={search_term_string}\"},\"query-input\":{\"@type\":\"PropertyValueSpecification\",\"valueRequired\":true,\"valueName\":\"search_term_string\"}}],\"inLanguage\":\"de\"}]}<\/script>\n<!-- \/ Yoast SEO plugin. -->","yoast_head_json":{"title":"Synthesis-X - Supported by Love over Gold e.V.","description":"Synthesis X - Als Synthese bezeichnet man den Umsatz (die Vereinigung) von zwei oder mehr Elementen zu einer neuen Einheit.","robots":{"index":"index","follow":"follow","max-snippet":"max-snippet:-1","max-image-preview":"max-image-preview:large","max-video-preview":"max-video-preview:-1"},"canonical":"https:\/\/synthesis-x.org\/home\/","og_locale":"de_DE","og_type":"article","og_title":"Synthesis-X - Supported by Love over Gold e.V.","og_description":"Synthesis X - Als Synthese bezeichnet man den Umsatz (die Vereinigung) von zwei oder mehr Elementen zu einer neuen Einheit.","og_url":"https:\/\/synthesis-x.org\/home\/","og_site_name":"Synthesis-X","article_modified_time":"2025-10-20T16:18:30+00:00","twitter_card":"summary_large_image","twitter_misc":{"Gesch\u00e4tzte Lesezeit":"2\u00a0Minuten"},"schema":{"@context":"https:\/\/schema.org","@graph":[{"@type":"WebPage","@id":"https:\/\/synthesis-x.org\/home\/","url":"https:\/\/synthesis-x.org\/home\/","name":"Synthesis-X - Supported by Love over Gold e.V.","isPartOf":{"@id":"https:\/\/synthesis-x.org\/home\/#website"},"datePublished":"2018-11-12T11:47:13+00:00","dateModified":"2025-10-20T16:18:30+00:00","description":"Synthesis X - Als Synthese bezeichnet man den Umsatz (die Vereinigung) von zwei oder mehr Elementen zu einer neuen Einheit.","breadcrumb":{"@id":"https:\/\/synthesis-x.org\/home\/#breadcrumb"},"inLanguage":"de","potentialAction":[{"@type":"ReadAction","target":["https:\/\/synthesis-x.org\/home\/"]}]},{"@type":"BreadcrumbList","@id":"https:\/\/synthesis-x.org\/home\/#breadcrumb","itemListElement":[{"@type":"ListItem","position":1,"name":"Startseite","item":"https:\/\/synthesis-x.org\/home\/"},{"@type":"ListItem","position":2,"name":"Home"}]},{"@type":"WebSite","@id":"https:\/\/synthesis-x.org\/home\/#website","url":"https:\/\/synthesis-x.org\/home\/","name":"Synthesis-X","description":"Love over Gold","potentialAction":[{"@type":"SearchAction","target":{"@type":"EntryPoint","urlTemplate":"https:\/\/synthesis-x.org\/home\/?s={search_term_string}"},"query-input":{"@type":"PropertyValueSpecification","valueRequired":true,"valueName":"search_term_string"}}],"inLanguage":"de"}]}},"_hostinger_reach_plugin_has_subscription_block":false,"_hostinger_reach_plugin_is_elementor":false,"_links":{"self":[{"href":"https:\/\/synthesis-x.org\/home\/wp-json\/wp\/v2\/pages\/647","targetHints":{"allow":["GET"]}}],"collection":[{"href":"https:\/\/synthesis-x.org\/home\/wp-json\/wp\/v2\/pages"}],"about":[{"href":"https:\/\/synthesis-x.org\/home\/wp-json\/wp\/v2\/types\/page"}],"author":[{"embeddable":true,"href":"https:\/\/synthesis-x.org\/home\/wp-json\/wp\/v2\/users\/1"}],"replies":[{"embeddable":true,"href":"https:\/\/synthesis-x.org\/home\/wp-json\/wp\/v2\/comments?post=647"}],"version-history":[{"count":249,"href":"https:\/\/synthesis-x.org\/home\/wp-json\/wp\/v2\/pages\/647\/revisions"}],"predecessor-version":[{"id":1832,"href":"https:\/\/synthesis-x.org\/home\/wp-json\/wp\/v2\/pages\/647\/revisions\/1832"}],"wp:attachment":[{"href":"https:\/\/synthesis-x.org\/home\/wp-json\/wp\/v2\/media?parent=647"}],"curies":[{"name":"wp","href":"https:\/\/api.w.org\/{rel}","templated":true}]}}