{"id":717,"date":"2018-11-12T15:35:50","date_gmt":"2018-11-12T14:35:50","guid":{"rendered":"https:\/\/synthesis-x.org\/?page_id=717"},"modified":"2025-02-04T14:40:57","modified_gmt":"2025-02-04T13:40:57","slug":"der-bitcoin","status":"publish","type":"page","link":"https:\/\/synthesis-x.org\/home\/der-bitcoin\/","title":{"rendered":"3. Die Dezentrale W\u00e4hrung"},"content":{"rendered":"<div id=\"pl-717\"  class=\"panel-layout\" ><div id=\"pg-717-0\"  class=\"panel-grid panel-has-style\" ><div style=\"padding: 100px 0; \" data-overlay=\"true\" data-overlay-color=\"#000000\" class=\"panel-row-style panel-row-style-for-717-0\" ><div id=\"pgc-717-0-0\"  class=\"panel-grid-cell\" ><div id=\"panel-717-0-0-0\" class=\"so-panel widget widget_sow-editor panel-first-child panel-last-child\" data-index=\"0\" ><div style=\"text-align: left;\" data-title-color=\"#443f3f\" data-headings-color=\"#443f3f\" class=\"panel-widget-style panel-widget-style-for-717-0-0-0\" ><div\n\t\t\t\n\t\t\tclass=\"so-widget-sow-editor so-widget-sow-editor-base\"\n\t\t\t\n\t\t><h3 class=\"widget-title\">3. Die Dezentrale W\u00e4hrung<\/h3>\n<div class=\"siteorigin-widget-tinymce textwidget\">\n\t<p><img loading=\"lazy\" decoding=\"async\" class=\" wp-image-576 alignleft\" src=\"https:\/\/synthesis-x.org\/wp-content\/uploads\/2018\/03\/BTC-300x200.jpg\" alt=\"\" width=\"311\" height=\"207\" \/><\/p>\n<p>Der Bitcoin l\u00e4sst sich mit unserem Planet vergleichen.<\/p>\n<p>Beuten wir ihn aus, zerst\u00f6ren wir damit das wahre Potenzial. Nutzen wir dieses Potenzial, k\u00f6nnen wir daraus das Paradies erschaffen.<\/p>\n<p>Der Traum von einer\u00a0 friedvollen und von guten Bedingungen gepr\u00e4gte Welt f\u00fcr uns und unsere Erben l\u00e4sst sich mit der Nutzung des Potenzials erm\u00f6glichen.<\/p>\n<p>&nbsp;<\/p>\n<p><a href=\"https:\/\/synthesis-x.org\/wp-content\/uploads\/2019\/01\/david-versus-goliath.jpg\">#Slingshot<\/a><\/p>\n<\/div>\n<\/div><\/div><\/div><\/div><\/div><\/div><div id=\"pg-717-1\"  class=\"panel-grid panel-has-style\" ><div class=\"siteorigin-panels-stretch panel-row-style panel-row-style-for-717-1\" style=\"background-image: url(https:\/\/synthesis-x.org\/wp-content\/uploads\/2018\/11\/pillz-4.jpg);padding: 30px 0; \" data-stretch-type=\"full-stretched\" data-hasbg=\"hasbg\" data-overlay=\"true\" data-overlay-color=\"#ffffff\" ><div id=\"pgc-717-1-0\"  class=\"panel-grid-cell\" ><div id=\"panel-717-1-0-0\" class=\"so-panel widget widget_sydney_action sydney_action_widget panel-first-child panel-last-child\" data-index=\"1\" ><div style=\"text-align: left;\" data-title-color=\"#443f3f\" data-headings-color=\"#443f3f\" class=\"panel-widget-style panel-widget-style-for-717-1-0-0\" >        <div class=\"roll-promobox \">\r\n\t\t\t<div class=\"promo-wrap\">\r\n\t\t\t\t\t\t\t\t<div class=\"promo-controls\">\r\n\t\t\t\t\t<a href=\"https:\/\/synthesis-x.org\/geld-als-werkzeug-der-macht\/\" class=\"roll-button border\">2. Das Werkzeug der Macht<\/a>\r\n\t\t\t\t<\/div>\r\n\t\t\t<\/div>\r\n        <\/div>\r\n\t<\/div><\/div><\/div><div id=\"pgc-717-1-1\"  class=\"panel-grid-cell\" ><div id=\"panel-717-1-1-0\" class=\"so-panel widget widget_sydney_action sydney_action_widget panel-first-child panel-last-child\" data-index=\"2\" ><div style=\"text-align: left;\" data-title-color=\"#443f3f\" data-headings-color=\"#443f3f\" class=\"panel-widget-style panel-widget-style-for-717-1-1-0\" >        <div class=\"roll-promobox \">\r\n\t\t\t<div class=\"promo-wrap\">\r\n\t\t\t\t\t\t\t\t<div class=\"promo-controls\">\r\n\t\t\t\t\t<a href=\"https:\/\/synthesis-x.org\/der-traum\/\" class=\"roll-button border\">4. Der Traum ---&gt;<\/a>\r\n\t\t\t\t<\/div>\r\n\t\t\t<\/div>\r\n        <\/div>\r\n\t<\/div><\/div><\/div><\/div><\/div><div id=\"pg-717-2\"  class=\"panel-grid panel-has-style\" ><div style=\"padding: 30px 0; \" data-overlay=\"true\" data-overlay-color=\"#000000\" class=\"panel-row-style panel-row-style-for-717-2\" ><div id=\"pgc-717-2-0\"  class=\"panel-grid-cell panel-grid-cell-empty\" ><\/div><\/div><\/div><\/div>","protected":false},"excerpt":{"rendered":"<p>Der Bitcoin l\u00e4sst sich mit unserem Planet vergleichen. Beuten wir ihn aus, zerst\u00f6ren wir damit das wahre Potenzial. Nutzen wir dieses Potenzial, [&hellip;]<\/p>\n","protected":false},"author":1,"featured_media":0,"parent":0,"menu_order":0,"comment_status":"closed","ping_status":"closed","template":"page-templates\/page_front-page.php","meta":{"footnotes":""},"class_list":["post-717","page","type-page","status-publish","hentry"],"yoast_head":"<!-- This site is optimized with the Yoast SEO plugin v26.1.1 - https:\/\/yoast.com\/wordpress\/plugins\/seo\/ -->\n<title>3. Die Dezentrale W\u00e4hrung - Synthesis-X<\/title>\n<meta name=\"description\" content=\"Beuten wir ihn aus, zerst\u00f6ren wir damit das wahre Potenzial. Nutzen wir dieses Potenzial, k\u00f6nnen wir daraus das Paradies erschaffen.\" \/>\n<meta name=\"robots\" content=\"index, follow, max-snippet:-1, max-image-preview:large, max-video-preview:-1\" \/>\n<link rel=\"canonical\" href=\"https:\/\/synthesis-x.org\/home\/der-bitcoin\/\" \/>\n<meta property=\"og:locale\" content=\"de_DE\" \/>\n<meta property=\"og:type\" content=\"article\" \/>\n<meta property=\"og:title\" content=\"3. Die Dezentrale W\u00e4hrung - Synthesis-X\" \/>\n<meta property=\"og:description\" content=\"Beuten wir ihn aus, zerst\u00f6ren wir damit das wahre Potenzial. Nutzen wir dieses Potenzial, k\u00f6nnen wir daraus das Paradies erschaffen.\" \/>\n<meta property=\"og:url\" content=\"https:\/\/synthesis-x.org\/home\/der-bitcoin\/\" \/>\n<meta property=\"og:site_name\" content=\"Synthesis-X\" \/>\n<meta property=\"article:modified_time\" content=\"2025-02-04T13:40:57+00:00\" \/>\n<meta property=\"og:image\" content=\"https:\/\/synthesis-x.org\/wp-content\/uploads\/2018\/03\/BTC-e1521623217463.jpg\" \/>\n\t<meta property=\"og:image:width\" content=\"700\" \/>\n\t<meta property=\"og:image:height\" content=\"467\" \/>\n\t<meta property=\"og:image:type\" content=\"image\/jpeg\" \/>\n<meta name=\"twitter:card\" content=\"summary_large_image\" \/>\n<script type=\"application\/ld+json\" class=\"yoast-schema-graph\">{\"@context\":\"https:\/\/schema.org\",\"@graph\":[{\"@type\":\"WebPage\",\"@id\":\"https:\/\/synthesis-x.org\/home\/der-bitcoin\/\",\"url\":\"https:\/\/synthesis-x.org\/home\/der-bitcoin\/\",\"name\":\"3. Die Dezentrale W\u00e4hrung - Synthesis-X\",\"isPartOf\":{\"@id\":\"https:\/\/synthesis-x.org\/home\/#website\"},\"primaryImageOfPage\":{\"@id\":\"https:\/\/synthesis-x.org\/home\/der-bitcoin\/#primaryimage\"},\"image\":{\"@id\":\"https:\/\/synthesis-x.org\/home\/der-bitcoin\/#primaryimage\"},\"thumbnailUrl\":\"https:\/\/synthesis-x.org\/wp-content\/uploads\/2018\/03\/BTC-300x200.jpg\",\"datePublished\":\"2018-11-12T14:35:50+00:00\",\"dateModified\":\"2025-02-04T13:40:57+00:00\",\"description\":\"Beuten wir ihn aus, zerst\u00f6ren wir damit das wahre Potenzial. Nutzen wir dieses Potenzial, k\u00f6nnen wir daraus das Paradies erschaffen.\",\"breadcrumb\":{\"@id\":\"https:\/\/synthesis-x.org\/home\/der-bitcoin\/#breadcrumb\"},\"inLanguage\":\"de\",\"potentialAction\":[{\"@type\":\"ReadAction\",\"target\":[\"https:\/\/synthesis-x.org\/home\/der-bitcoin\/\"]}]},{\"@type\":\"ImageObject\",\"inLanguage\":\"de\",\"@id\":\"https:\/\/synthesis-x.org\/home\/der-bitcoin\/#primaryimage\",\"url\":\"https:\/\/synthesis-x.org\/wp-content\/uploads\/2018\/03\/BTC-300x200.jpg\",\"contentUrl\":\"https:\/\/synthesis-x.org\/wp-content\/uploads\/2018\/03\/BTC-300x200.jpg\"},{\"@type\":\"BreadcrumbList\",\"@id\":\"https:\/\/synthesis-x.org\/home\/der-bitcoin\/#breadcrumb\",\"itemListElement\":[{\"@type\":\"ListItem\",\"position\":1,\"name\":\"Startseite\",\"item\":\"https:\/\/synthesis-x.org\/home\/\"},{\"@type\":\"ListItem\",\"position\":2,\"name\":\"3. Die Dezentrale W\u00e4hrung\"}]},{\"@type\":\"WebSite\",\"@id\":\"https:\/\/synthesis-x.org\/home\/#website\",\"url\":\"https:\/\/synthesis-x.org\/home\/\",\"name\":\"Synthesis-X\",\"description\":\"Love over Gold\",\"potentialAction\":[{\"@type\":\"SearchAction\",\"target\":{\"@type\":\"EntryPoint\",\"urlTemplate\":\"https:\/\/synthesis-x.org\/home\/?s={search_term_string}\"},\"query-input\":{\"@type\":\"PropertyValueSpecification\",\"valueRequired\":true,\"valueName\":\"search_term_string\"}}],\"inLanguage\":\"de\"}]}<\/script>\n<!-- \/ Yoast SEO plugin. -->","yoast_head_json":{"title":"3. Die Dezentrale W\u00e4hrung - Synthesis-X","description":"Beuten wir ihn aus, zerst\u00f6ren wir damit das wahre Potenzial. Nutzen wir dieses Potenzial, k\u00f6nnen wir daraus das Paradies erschaffen.","robots":{"index":"index","follow":"follow","max-snippet":"max-snippet:-1","max-image-preview":"max-image-preview:large","max-video-preview":"max-video-preview:-1"},"canonical":"https:\/\/synthesis-x.org\/home\/der-bitcoin\/","og_locale":"de_DE","og_type":"article","og_title":"3. Die Dezentrale W\u00e4hrung - Synthesis-X","og_description":"Beuten wir ihn aus, zerst\u00f6ren wir damit das wahre Potenzial. Nutzen wir dieses Potenzial, k\u00f6nnen wir daraus das Paradies erschaffen.","og_url":"https:\/\/synthesis-x.org\/home\/der-bitcoin\/","og_site_name":"Synthesis-X","article_modified_time":"2025-02-04T13:40:57+00:00","og_image":[{"width":700,"height":467,"url":"https:\/\/synthesis-x.org\/wp-content\/uploads\/2018\/03\/BTC-e1521623217463.jpg","type":"image\/jpeg"}],"twitter_card":"summary_large_image","schema":{"@context":"https:\/\/schema.org","@graph":[{"@type":"WebPage","@id":"https:\/\/synthesis-x.org\/home\/der-bitcoin\/","url":"https:\/\/synthesis-x.org\/home\/der-bitcoin\/","name":"3. Die Dezentrale W\u00e4hrung - Synthesis-X","isPartOf":{"@id":"https:\/\/synthesis-x.org\/home\/#website"},"primaryImageOfPage":{"@id":"https:\/\/synthesis-x.org\/home\/der-bitcoin\/#primaryimage"},"image":{"@id":"https:\/\/synthesis-x.org\/home\/der-bitcoin\/#primaryimage"},"thumbnailUrl":"https:\/\/synthesis-x.org\/wp-content\/uploads\/2018\/03\/BTC-300x200.jpg","datePublished":"2018-11-12T14:35:50+00:00","dateModified":"2025-02-04T13:40:57+00:00","description":"Beuten wir ihn aus, zerst\u00f6ren wir damit das wahre Potenzial. Nutzen wir dieses Potenzial, k\u00f6nnen wir daraus das Paradies erschaffen.","breadcrumb":{"@id":"https:\/\/synthesis-x.org\/home\/der-bitcoin\/#breadcrumb"},"inLanguage":"de","potentialAction":[{"@type":"ReadAction","target":["https:\/\/synthesis-x.org\/home\/der-bitcoin\/"]}]},{"@type":"ImageObject","inLanguage":"de","@id":"https:\/\/synthesis-x.org\/home\/der-bitcoin\/#primaryimage","url":"https:\/\/synthesis-x.org\/wp-content\/uploads\/2018\/03\/BTC-300x200.jpg","contentUrl":"https:\/\/synthesis-x.org\/wp-content\/uploads\/2018\/03\/BTC-300x200.jpg"},{"@type":"BreadcrumbList","@id":"https:\/\/synthesis-x.org\/home\/der-bitcoin\/#breadcrumb","itemListElement":[{"@type":"ListItem","position":1,"name":"Startseite","item":"https:\/\/synthesis-x.org\/home\/"},{"@type":"ListItem","position":2,"name":"3. Die Dezentrale W\u00e4hrung"}]},{"@type":"WebSite","@id":"https:\/\/synthesis-x.org\/home\/#website","url":"https:\/\/synthesis-x.org\/home\/","name":"Synthesis-X","description":"Love over Gold","potentialAction":[{"@type":"SearchAction","target":{"@type":"EntryPoint","urlTemplate":"https:\/\/synthesis-x.org\/home\/?s={search_term_string}"},"query-input":{"@type":"PropertyValueSpecification","valueRequired":true,"valueName":"search_term_string"}}],"inLanguage":"de"}]}},"_hostinger_reach_plugin_has_subscription_block":false,"_hostinger_reach_plugin_is_elementor":false,"_links":{"self":[{"href":"https:\/\/synthesis-x.org\/home\/wp-json\/wp\/v2\/pages\/717","targetHints":{"allow":["GET"]}}],"collection":[{"href":"https:\/\/synthesis-x.org\/home\/wp-json\/wp\/v2\/pages"}],"about":[{"href":"https:\/\/synthesis-x.org\/home\/wp-json\/wp\/v2\/types\/page"}],"author":[{"embeddable":true,"href":"https:\/\/synthesis-x.org\/home\/wp-json\/wp\/v2\/users\/1"}],"replies":[{"embeddable":true,"href":"https:\/\/synthesis-x.org\/home\/wp-json\/wp\/v2\/comments?post=717"}],"version-history":[{"count":60,"href":"https:\/\/synthesis-x.org\/home\/wp-json\/wp\/v2\/pages\/717\/revisions"}],"predecessor-version":[{"id":1815,"href":"https:\/\/synthesis-x.org\/home\/wp-json\/wp\/v2\/pages\/717\/revisions\/1815"}],"wp:attachment":[{"href":"https:\/\/synthesis-x.org\/home\/wp-json\/wp\/v2\/media?parent=717"}],"curies":[{"name":"wp","href":"https:\/\/api.w.org\/{rel}","templated":true}]}}