{"id":774,"date":"2018-11-12T16:19:47","date_gmt":"2018-11-12T15:19:47","guid":{"rendered":"https:\/\/synthesis-x.org\/?page_id=774"},"modified":"2025-02-04T14:40:32","modified_gmt":"2025-02-04T13:40:32","slug":"der-traum","status":"publish","type":"page","link":"https:\/\/synthesis-x.org\/home\/der-traum\/","title":{"rendered":"4. Der Traum"},"content":{"rendered":"<div id=\"pl-774\"  class=\"panel-layout\" ><div id=\"pg-774-0\"  class=\"panel-grid panel-has-style\" ><div class=\"siteorigin-panels-stretch panel-row-style panel-row-style-for-774-0\" style=\"padding: 100px 0; \" data-stretch-type=\"full\" data-overlay=\"true\" data-overlay-color=\"#000000\" ><div id=\"pgc-774-0-0\"  class=\"panel-grid-cell\" ><div id=\"panel-774-0-0-0\" class=\"so-panel widget widget_sow-editor panel-first-child\" data-index=\"0\" ><div style=\"text-align: left;\" data-title-color=\"#443f3f\" data-headings-color=\"#443f3f\" class=\"panel-widget-style panel-widget-style-for-774-0-0-0\" ><div\n\t\t\t\n\t\t\tclass=\"so-widget-sow-editor so-widget-sow-editor-base\"\n\t\t\t\n\t\t><h3 class=\"widget-title\">4. Der Traum<\/h3>\n<div class=\"siteorigin-widget-tinymce textwidget\">\n\t<div class=\"column\">\n<p><img loading=\"lazy\" decoding=\"async\" class=\"size-medium wp-image-577 alignleft\" src=\"https:\/\/synthesis-x.org\/wp-content\/uploads\/2018\/03\/image-2018-03-21-2-300x200.jpg\" alt=\"\" width=\"300\" height=\"200\" srcset=\"https:\/\/synthesis-x.org\/wp-content\/uploads\/2018\/03\/image-2018-03-21-2-300x200.jpg 300w, https:\/\/synthesis-x.org\/wp-content\/uploads\/2018\/03\/image-2018-03-21-2-230x153.jpg 230w, https:\/\/synthesis-x.org\/wp-content\/uploads\/2018\/03\/image-2018-03-21-2-350x234.jpg 350w, https:\/\/synthesis-x.org\/wp-content\/uploads\/2018\/03\/image-2018-03-21-2-480x320.jpg 480w, https:\/\/synthesis-x.org\/wp-content\/uploads\/2018\/03\/image-2018-03-21-2.jpg 700w\" sizes=\"auto, (max-width: 300px) 100vw, 300px\" \/><\/p>\n<div class=\"column\">\n<p>Durch einen Glaubenswechsel beim Thema Geld, wird der Wert der zentral und privat gesteuerten W\u00e4hrungen (Welcher nur am Glauben h\u00e4ngt) so beeinflusst, dass er sinkt.<\/p>\n<p>Auf diese Weise kann Platz f\u00fcr etwas Neues geschaffen werden. Etwas Neues was nicht nur einigen Wenigen n\u00fctzt,<\/p>\n<p><strong>sondern allen.<br \/>\n<\/strong><\/p>\n<\/div>\n<p>&nbsp;<\/p>\n<p>&nbsp;<\/p>\n<div class=\"page\" title=\"Page 45\">\n<div class=\"layoutArea\">\n<div class=\"column\">\n<blockquote>\n<p><em>Ihr seid verloren, wenn ihr vergesst, dass die Fr\u00fcchte allen geh\u00f6ren und die Erde niemandem<\/em><\/p>\n<p>Jean-Jacques Rousseau<\/p>\n<\/blockquote>\n<\/div>\n<\/div>\n<p>&nbsp;<\/p>\n<p>Eine Entwertung des zentralen und macht-gesteuerten Geldes ist Grundvoraussetzung f\u00fcr diesen Traum und l\u00e4sst sich nur erm\u00f6glichen wenn wir die Alternative anfangen zu verwenden.<\/p>\n<\/div>\n<\/div>\n<\/div>\n<\/div><\/div><\/div><div id=\"panel-774-0-0-1\" class=\"so-panel widget widget_sydney_action sydney_action_widget panel-last-child\" data-index=\"1\" ><div style=\"text-align: left;\" data-title-color=\"#443f3f\" data-headings-color=\"#443f3f\" class=\"panel-widget-style panel-widget-style-for-774-0-0-1\" >        <div class=\"roll-promobox \">\r\n\t\t\t<div class=\"promo-wrap\">\r\n\t\t\t\t\t\t\t\t<div class=\"promo-controls\">\r\n\t\t\t\t\t<a href=\"https:\/\/synthesis-x.org\/los-legen\/%20\" class=\"roll-button border\">5. Los Legen! ---&gt;<\/a>\r\n\t\t\t\t<\/div>\r\n\t\t\t<\/div>\r\n        <\/div>\r\n\t<\/div><\/div><\/div><\/div><\/div><div id=\"pg-774-1\"  class=\"panel-grid panel-has-style\" ><div class=\"siteorigin-panels-stretch panel-row-style panel-row-style-for-774-1\" style=\"background-image: url(https:\/\/synthesis-x.org\/wp-content\/uploads\/2018\/03\/bll-header-bg-network2.jpg);padding: 30px 0; \" data-stretch-type=\"full-stretched\" data-hasbg=\"hasbg\" data-overlay-color=\"#ffffff\" ><div id=\"pgc-774-1-0\"  class=\"panel-grid-cell panel-grid-cell-mobile-last\" ><div id=\"panel-774-1-0-0\" class=\"so-panel widget widget_sydney_action sydney_action_widget panel-first-child panel-last-child\" data-index=\"2\" ><div style=\"text-align: left;\" data-title-color=\"#443f3f\" data-headings-color=\"#443f3f\" class=\"panel-widget-style panel-widget-style-for-774-1-0-0\" >        <div class=\"roll-promobox \">\r\n\t\t\t<div class=\"promo-wrap\">\r\n\t\t\t\t\t\t\t\t<div class=\"promo-controls\">\r\n\t\t\t\t\t<a href=\"https:\/\/synthesis-x.org\/der-bitcoin\/\" class=\"roll-button border\">3. Die Dezentrale W\u00e4hrung<\/a>\r\n\t\t\t\t<\/div>\r\n\t\t\t<\/div>\r\n        <\/div>\r\n\t<\/div><\/div><\/div><div id=\"pgc-774-1-1\"  class=\"panel-grid-cell panel-grid-cell-empty\" ><\/div><\/div><\/div><div id=\"pg-774-2\"  class=\"panel-grid panel-has-style\" ><div style=\"padding: 30px 0; \" data-overlay=\"true\" data-overlay-color=\"#000000\" class=\"panel-row-style panel-row-style-for-774-2\" ><div id=\"pgc-774-2-0\"  class=\"panel-grid-cell panel-grid-cell-empty\" ><\/div><\/div><\/div><\/div>","protected":false},"excerpt":{"rendered":"<p>Durch einen Glaubenswechsel beim Thema Geld, wird der Wert der zentral und privat gesteuerten W\u00e4hrungen (Welcher nur am Glauben h\u00e4ngt) so beeinflusst, [&hellip;]<\/p>\n","protected":false},"author":1,"featured_media":0,"parent":0,"menu_order":0,"comment_status":"closed","ping_status":"closed","template":"page-templates\/page_front-page.php","meta":{"footnotes":""},"class_list":["post-774","page","type-page","status-publish","hentry"],"yoast_head":"<!-- This site is optimized with the Yoast SEO plugin v26.1.1 - https:\/\/yoast.com\/wordpress\/plugins\/seo\/ -->\n<title>4. Der Traum - Synthesis-X<\/title>\n<meta name=\"description\" content=\"Auf diese Weise kann Platz f\u00fcr etwas Neues geschaffen werden. Etwas Neues was nicht nur einigen Wenigen n\u00fctzt,sondern allen.\" \/>\n<meta name=\"robots\" content=\"index, follow, max-snippet:-1, max-image-preview:large, max-video-preview:-1\" \/>\n<link rel=\"canonical\" href=\"https:\/\/synthesis-x.org\/home\/der-traum\/\" \/>\n<meta property=\"og:locale\" content=\"de_DE\" \/>\n<meta property=\"og:type\" content=\"article\" \/>\n<meta property=\"og:title\" content=\"4. Der Traum - Synthesis-X\" \/>\n<meta property=\"og:description\" content=\"Auf diese Weise kann Platz f\u00fcr etwas Neues geschaffen werden. Etwas Neues was nicht nur einigen Wenigen n\u00fctzt,sondern allen.\" \/>\n<meta property=\"og:url\" content=\"https:\/\/synthesis-x.org\/home\/der-traum\/\" \/>\n<meta property=\"og:site_name\" content=\"Synthesis-X\" \/>\n<meta property=\"article:modified_time\" content=\"2025-02-04T13:40:32+00:00\" \/>\n<meta property=\"og:image\" content=\"https:\/\/synthesis-x.org\/wp-content\/uploads\/2018\/03\/image-2018-03-21-2.jpg\" \/>\n\t<meta property=\"og:image:width\" content=\"700\" \/>\n\t<meta property=\"og:image:height\" content=\"467\" \/>\n\t<meta property=\"og:image:type\" content=\"image\/jpeg\" \/>\n<meta name=\"twitter:card\" content=\"summary_large_image\" \/>\n<meta name=\"twitter:label1\" content=\"Gesch\u00e4tzte Lesezeit\" \/>\n\t<meta name=\"twitter:data1\" content=\"1\u00a0Minute\" \/>\n<script type=\"application\/ld+json\" class=\"yoast-schema-graph\">{\"@context\":\"https:\/\/schema.org\",\"@graph\":[{\"@type\":\"WebPage\",\"@id\":\"https:\/\/synthesis-x.org\/home\/der-traum\/\",\"url\":\"https:\/\/synthesis-x.org\/home\/der-traum\/\",\"name\":\"4. Der Traum - Synthesis-X\",\"isPartOf\":{\"@id\":\"https:\/\/synthesis-x.org\/home\/#website\"},\"primaryImageOfPage\":{\"@id\":\"https:\/\/synthesis-x.org\/home\/der-traum\/#primaryimage\"},\"image\":{\"@id\":\"https:\/\/synthesis-x.org\/home\/der-traum\/#primaryimage\"},\"thumbnailUrl\":\"https:\/\/synthesis-x.org\/wp-content\/uploads\/2018\/03\/image-2018-03-21-2-300x200.jpg\",\"datePublished\":\"2018-11-12T15:19:47+00:00\",\"dateModified\":\"2025-02-04T13:40:32+00:00\",\"description\":\"Auf diese Weise kann Platz f\u00fcr etwas Neues geschaffen werden. Etwas Neues was nicht nur einigen Wenigen n\u00fctzt,sondern allen.\",\"breadcrumb\":{\"@id\":\"https:\/\/synthesis-x.org\/home\/der-traum\/#breadcrumb\"},\"inLanguage\":\"de\",\"potentialAction\":[{\"@type\":\"ReadAction\",\"target\":[\"https:\/\/synthesis-x.org\/home\/der-traum\/\"]}]},{\"@type\":\"ImageObject\",\"inLanguage\":\"de\",\"@id\":\"https:\/\/synthesis-x.org\/home\/der-traum\/#primaryimage\",\"url\":\"https:\/\/synthesis-x.org\/wp-content\/uploads\/2018\/03\/image-2018-03-21-2-300x200.jpg\",\"contentUrl\":\"https:\/\/synthesis-x.org\/wp-content\/uploads\/2018\/03\/image-2018-03-21-2-300x200.jpg\"},{\"@type\":\"BreadcrumbList\",\"@id\":\"https:\/\/synthesis-x.org\/home\/der-traum\/#breadcrumb\",\"itemListElement\":[{\"@type\":\"ListItem\",\"position\":1,\"name\":\"Startseite\",\"item\":\"https:\/\/synthesis-x.org\/home\/\"},{\"@type\":\"ListItem\",\"position\":2,\"name\":\"4. Der Traum\"}]},{\"@type\":\"WebSite\",\"@id\":\"https:\/\/synthesis-x.org\/home\/#website\",\"url\":\"https:\/\/synthesis-x.org\/home\/\",\"name\":\"Synthesis-X\",\"description\":\"Love over Gold\",\"potentialAction\":[{\"@type\":\"SearchAction\",\"target\":{\"@type\":\"EntryPoint\",\"urlTemplate\":\"https:\/\/synthesis-x.org\/home\/?s={search_term_string}\"},\"query-input\":{\"@type\":\"PropertyValueSpecification\",\"valueRequired\":true,\"valueName\":\"search_term_string\"}}],\"inLanguage\":\"de\"}]}<\/script>\n<!-- \/ Yoast SEO plugin. -->","yoast_head_json":{"title":"4. Der Traum - Synthesis-X","description":"Auf diese Weise kann Platz f\u00fcr etwas Neues geschaffen werden. Etwas Neues was nicht nur einigen Wenigen n\u00fctzt,sondern allen.","robots":{"index":"index","follow":"follow","max-snippet":"max-snippet:-1","max-image-preview":"max-image-preview:large","max-video-preview":"max-video-preview:-1"},"canonical":"https:\/\/synthesis-x.org\/home\/der-traum\/","og_locale":"de_DE","og_type":"article","og_title":"4. Der Traum - Synthesis-X","og_description":"Auf diese Weise kann Platz f\u00fcr etwas Neues geschaffen werden. Etwas Neues was nicht nur einigen Wenigen n\u00fctzt,sondern allen.","og_url":"https:\/\/synthesis-x.org\/home\/der-traum\/","og_site_name":"Synthesis-X","article_modified_time":"2025-02-04T13:40:32+00:00","og_image":[{"width":700,"height":467,"url":"https:\/\/synthesis-x.org\/wp-content\/uploads\/2018\/03\/image-2018-03-21-2.jpg","type":"image\/jpeg"}],"twitter_card":"summary_large_image","twitter_misc":{"Gesch\u00e4tzte Lesezeit":"1\u00a0Minute"},"schema":{"@context":"https:\/\/schema.org","@graph":[{"@type":"WebPage","@id":"https:\/\/synthesis-x.org\/home\/der-traum\/","url":"https:\/\/synthesis-x.org\/home\/der-traum\/","name":"4. Der Traum - Synthesis-X","isPartOf":{"@id":"https:\/\/synthesis-x.org\/home\/#website"},"primaryImageOfPage":{"@id":"https:\/\/synthesis-x.org\/home\/der-traum\/#primaryimage"},"image":{"@id":"https:\/\/synthesis-x.org\/home\/der-traum\/#primaryimage"},"thumbnailUrl":"https:\/\/synthesis-x.org\/wp-content\/uploads\/2018\/03\/image-2018-03-21-2-300x200.jpg","datePublished":"2018-11-12T15:19:47+00:00","dateModified":"2025-02-04T13:40:32+00:00","description":"Auf diese Weise kann Platz f\u00fcr etwas Neues geschaffen werden. Etwas Neues was nicht nur einigen Wenigen n\u00fctzt,sondern allen.","breadcrumb":{"@id":"https:\/\/synthesis-x.org\/home\/der-traum\/#breadcrumb"},"inLanguage":"de","potentialAction":[{"@type":"ReadAction","target":["https:\/\/synthesis-x.org\/home\/der-traum\/"]}]},{"@type":"ImageObject","inLanguage":"de","@id":"https:\/\/synthesis-x.org\/home\/der-traum\/#primaryimage","url":"https:\/\/synthesis-x.org\/wp-content\/uploads\/2018\/03\/image-2018-03-21-2-300x200.jpg","contentUrl":"https:\/\/synthesis-x.org\/wp-content\/uploads\/2018\/03\/image-2018-03-21-2-300x200.jpg"},{"@type":"BreadcrumbList","@id":"https:\/\/synthesis-x.org\/home\/der-traum\/#breadcrumb","itemListElement":[{"@type":"ListItem","position":1,"name":"Startseite","item":"https:\/\/synthesis-x.org\/home\/"},{"@type":"ListItem","position":2,"name":"4. Der Traum"}]},{"@type":"WebSite","@id":"https:\/\/synthesis-x.org\/home\/#website","url":"https:\/\/synthesis-x.org\/home\/","name":"Synthesis-X","description":"Love over Gold","potentialAction":[{"@type":"SearchAction","target":{"@type":"EntryPoint","urlTemplate":"https:\/\/synthesis-x.org\/home\/?s={search_term_string}"},"query-input":{"@type":"PropertyValueSpecification","valueRequired":true,"valueName":"search_term_string"}}],"inLanguage":"de"}]}},"_hostinger_reach_plugin_has_subscription_block":false,"_hostinger_reach_plugin_is_elementor":false,"_links":{"self":[{"href":"https:\/\/synthesis-x.org\/home\/wp-json\/wp\/v2\/pages\/774","targetHints":{"allow":["GET"]}}],"collection":[{"href":"https:\/\/synthesis-x.org\/home\/wp-json\/wp\/v2\/pages"}],"about":[{"href":"https:\/\/synthesis-x.org\/home\/wp-json\/wp\/v2\/types\/page"}],"author":[{"embeddable":true,"href":"https:\/\/synthesis-x.org\/home\/wp-json\/wp\/v2\/users\/1"}],"replies":[{"embeddable":true,"href":"https:\/\/synthesis-x.org\/home\/wp-json\/wp\/v2\/comments?post=774"}],"version-history":[{"count":61,"href":"https:\/\/synthesis-x.org\/home\/wp-json\/wp\/v2\/pages\/774\/revisions"}],"predecessor-version":[{"id":1814,"href":"https:\/\/synthesis-x.org\/home\/wp-json\/wp\/v2\/pages\/774\/revisions\/1814"}],"wp:attachment":[{"href":"https:\/\/synthesis-x.org\/home\/wp-json\/wp\/v2\/media?parent=774"}],"curies":[{"name":"wp","href":"https:\/\/api.w.org\/{rel}","templated":true}]}}